{"id":2589,"date":"2026-03-07T07:30:25","date_gmt":"2026-03-07T12:30:25","guid":{"rendered":"https:\/\/electroaide.ca\/join-our-team\/"},"modified":"2026-03-07T07:37:13","modified_gmt":"2026-03-07T12:37:13","slug":"join-our-team","status":"publish","type":"page","link":"https:\/\/electroaide.ca\/fr\/join-our-team\/","title":{"rendered":"Joignez-vous \u00e0 notre \u00e9quipe"},"content":{"rendered":"<div class=\"job_listings\" data-location=\"\" data-keywords=\"\" data-show_filters=\"true\" data-show_pagination=\"false\" data-per_page=\"10\" data-orderby=\"featured\" data-order=\"DESC\" data-categories=\"\" data-disable-form-state-storage=\"\" data-featured_first=\"false\" data-post_id=\"2589\" >\n<form class=\"job_filters\">\n\t\n\t<div class=\"search_jobs\">\n\t\t\n\t\t<div class=\"search_keywords\">\n\t\t\t<label for=\"search_keywords\">Mots-cl\u00e9s<\/label>\n\t\t\t<input type=\"text\" name=\"search_keywords\" id=\"search_keywords\" placeholder=\"Mots-cl\u00e9s\" value=\"\" \/>\n\t\t<\/div>\n\n\t\t<div class=\"search_location\">\n\t\t\t<label for=\"search_location\">Localisation<\/label>\n\t\t\t<input type=\"text\" name=\"search_location\" id=\"search_location\" placeholder=\"Localisation\" value=\"\" \/>\n\t\t<\/div>\n\n\t\t\n\t\t<div style=\"clear: both\"><\/div>\n\n\t\t\n\t\t\t\t\t<div class=\"search_submit\">\n\t\t\t\t<input type=\"submit\" value=\"Rechercher des offres d\u2019emploi\">\n\t\t\t<\/div>\n\t\t\n\t\t\t<\/div>\n\n\t\t<ul class=\"job_types\">\n\t\t\t<\/ul>\n\t<input type=\"hidden\" name=\"filter_job_type[]\" value=\"\" \/>\n<div class=\"showing_jobs\"><\/div><\/form>\n\n\n<noscript>Votre navigateur ne supporte pas JavaScript, ou bien JavaScript est d\u00e9sactiv\u00e9. JavaScript doit \u00eatre activ\u00e9 pour pouvoir visualiser des postes.<\/noscript>\n<ul class=\"job_listings\">\n<\/ul>\n<a class=\"load_more_jobs\" href=\"#\" style=\"display:none;\"><strong>Afficher plus d\u2019offres<\/strong><\/a><\/div>\n","protected":false},"excerpt":{"rendered":"","protected":false},"author":4,"featured_media":0,"parent":0,"menu_order":0,"comment_status":"closed","ping_status":"closed","template":"","meta":{"_et_pb_use_builder":"","_et_pb_old_content":"","_et_gb_content_width":"","footnotes":""},"class_list":["post-2589","page","type-page","status-publish","hentry"],"yoast_head":"<!-- This site is optimized with the Yoast SEO plugin v27.1.1 - https:\/\/yoast.com\/product\/yoast-seo-wordpress\/ -->\n<title>Joignez-vous \u00e0 notre \u00e9quipe - Electro Aide<\/title>\n<meta name=\"robots\" content=\"index, follow, max-snippet:-1, max-image-preview:large, max-video-preview:-1\" \/>\n<link rel=\"canonical\" href=\"https:\/\/electroaide.ca\/fr\/join-our-team\/\" \/>\n<meta property=\"og:locale\" content=\"fr_FR\" \/>\n<meta property=\"og:type\" content=\"article\" \/>\n<meta property=\"og:title\" content=\"Joignez-vous \u00e0 notre \u00e9quipe - Electro Aide\" \/>\n<meta property=\"og:url\" content=\"https:\/\/electroaide.ca\/fr\/join-our-team\/\" \/>\n<meta property=\"og:site_name\" content=\"Electro Aide\" \/>\n<meta property=\"article:publisher\" content=\"https:\/\/www.facebook.com\/electroaideinc\/\" \/>\n<meta property=\"article:modified_time\" content=\"2026-03-07T12:37:13+00:00\" \/>\n<meta name=\"twitter:card\" content=\"summary_large_image\" \/>\n<meta name=\"twitter:label1\" content=\"Dur\u00e9e de lecture estim\u00e9e\" \/>\n\t<meta name=\"twitter:data1\" content=\"1 minute\" \/>\n<script type=\"application\/ld+json\" class=\"yoast-schema-graph\">{\"@context\":\"https:\/\/schema.org\",\"@graph\":[{\"@type\":\"WebPage\",\"@id\":\"https:\/\/electroaide.ca\/fr\/join-our-team\/\",\"url\":\"https:\/\/electroaide.ca\/fr\/join-our-team\/\",\"name\":\"Joignez-vous \u00e0 notre \u00e9quipe - Electro Aide\",\"isPartOf\":{\"@id\":\"https:\/\/electroaide.ca\/#website\"},\"datePublished\":\"2026-03-07T12:30:25+00:00\",\"dateModified\":\"2026-03-07T12:37:13+00:00\",\"breadcrumb\":{\"@id\":\"https:\/\/electroaide.ca\/fr\/join-our-team\/#breadcrumb\"},\"inLanguage\":\"fr-FR\",\"potentialAction\":[{\"@type\":\"ReadAction\",\"target\":[\"https:\/\/electroaide.ca\/fr\/join-our-team\/\"]}]},{\"@type\":\"BreadcrumbList\",\"@id\":\"https:\/\/electroaide.ca\/fr\/join-our-team\/#breadcrumb\",\"itemListElement\":[{\"@type\":\"ListItem\",\"position\":1,\"name\":\"Home\",\"item\":\"https:\/\/electroaide.ca\/fr\/\"},{\"@type\":\"ListItem\",\"position\":2,\"name\":\"Joignez-vous \u00e0 notre \u00e9quipe\"}]},{\"@type\":\"WebSite\",\"@id\":\"https:\/\/electroaide.ca\/#website\",\"url\":\"https:\/\/electroaide.ca\/\",\"name\":\"Electro Aide\",\"description\":\"Established 1949\",\"publisher\":{\"@id\":\"https:\/\/electroaide.ca\/#organization\"},\"potentialAction\":[{\"@type\":\"SearchAction\",\"target\":{\"@type\":\"EntryPoint\",\"urlTemplate\":\"https:\/\/electroaide.ca\/?s={search_term_string}\"},\"query-input\":{\"@type\":\"PropertyValueSpecification\",\"valueRequired\":true,\"valueName\":\"search_term_string\"}}],\"inLanguage\":\"fr-FR\"},{\"@type\":\"Organization\",\"@id\":\"https:\/\/electroaide.ca\/#organization\",\"name\":\"Electro Aide\",\"url\":\"https:\/\/electroaide.ca\/\",\"logo\":{\"@type\":\"ImageObject\",\"inLanguage\":\"fr-FR\",\"@id\":\"https:\/\/electroaide.ca\/#\/schema\/logo\/image\/\",\"url\":\"https:\/\/electroaide.ca\/wp-content\/uploads\/2024\/05\/electro-aide_final-01.png\",\"contentUrl\":\"https:\/\/electroaide.ca\/wp-content\/uploads\/2024\/05\/electro-aide_final-01.png\",\"width\":6526,\"height\":1947,\"caption\":\"Electro Aide\"},\"image\":{\"@id\":\"https:\/\/electroaide.ca\/#\/schema\/logo\/image\/\"},\"sameAs\":[\"https:\/\/www.facebook.com\/electroaideinc\/\",\"https:\/\/www.instagram.com\/electroaideinc\"]}]}<\/script>\n<!-- \/ Yoast SEO plugin. -->","yoast_head_json":{"title":"Joignez-vous \u00e0 notre \u00e9quipe - Electro Aide","robots":{"index":"index","follow":"follow","max-snippet":"max-snippet:-1","max-image-preview":"max-image-preview:large","max-video-preview":"max-video-preview:-1"},"canonical":"https:\/\/electroaide.ca\/fr\/join-our-team\/","og_locale":"fr_FR","og_type":"article","og_title":"Joignez-vous \u00e0 notre \u00e9quipe - Electro Aide","og_url":"https:\/\/electroaide.ca\/fr\/join-our-team\/","og_site_name":"Electro Aide","article_publisher":"https:\/\/www.facebook.com\/electroaideinc\/","article_modified_time":"2026-03-07T12:37:13+00:00","twitter_card":"summary_large_image","twitter_misc":{"Dur\u00e9e de lecture estim\u00e9e":"1 minute"},"schema":{"@context":"https:\/\/schema.org","@graph":[{"@type":"WebPage","@id":"https:\/\/electroaide.ca\/fr\/join-our-team\/","url":"https:\/\/electroaide.ca\/fr\/join-our-team\/","name":"Joignez-vous \u00e0 notre \u00e9quipe - Electro Aide","isPartOf":{"@id":"https:\/\/electroaide.ca\/#website"},"datePublished":"2026-03-07T12:30:25+00:00","dateModified":"2026-03-07T12:37:13+00:00","breadcrumb":{"@id":"https:\/\/electroaide.ca\/fr\/join-our-team\/#breadcrumb"},"inLanguage":"fr-FR","potentialAction":[{"@type":"ReadAction","target":["https:\/\/electroaide.ca\/fr\/join-our-team\/"]}]},{"@type":"BreadcrumbList","@id":"https:\/\/electroaide.ca\/fr\/join-our-team\/#breadcrumb","itemListElement":[{"@type":"ListItem","position":1,"name":"Home","item":"https:\/\/electroaide.ca\/fr\/"},{"@type":"ListItem","position":2,"name":"Joignez-vous \u00e0 notre \u00e9quipe"}]},{"@type":"WebSite","@id":"https:\/\/electroaide.ca\/#website","url":"https:\/\/electroaide.ca\/","name":"Electro Aide","description":"Established 1949","publisher":{"@id":"https:\/\/electroaide.ca\/#organization"},"potentialAction":[{"@type":"SearchAction","target":{"@type":"EntryPoint","urlTemplate":"https:\/\/electroaide.ca\/?s={search_term_string}"},"query-input":{"@type":"PropertyValueSpecification","valueRequired":true,"valueName":"search_term_string"}}],"inLanguage":"fr-FR"},{"@type":"Organization","@id":"https:\/\/electroaide.ca\/#organization","name":"Electro Aide","url":"https:\/\/electroaide.ca\/","logo":{"@type":"ImageObject","inLanguage":"fr-FR","@id":"https:\/\/electroaide.ca\/#\/schema\/logo\/image\/","url":"https:\/\/electroaide.ca\/wp-content\/uploads\/2024\/05\/electro-aide_final-01.png","contentUrl":"https:\/\/electroaide.ca\/wp-content\/uploads\/2024\/05\/electro-aide_final-01.png","width":6526,"height":1947,"caption":"Electro Aide"},"image":{"@id":"https:\/\/electroaide.ca\/#\/schema\/logo\/image\/"},"sameAs":["https:\/\/www.facebook.com\/electroaideinc\/","https:\/\/www.instagram.com\/electroaideinc"]}]}},"_links":{"self":[{"href":"https:\/\/electroaide.ca\/fr\/wp-json\/wp\/v2\/pages\/2589","targetHints":{"allow":["GET"]}}],"collection":[{"href":"https:\/\/electroaide.ca\/fr\/wp-json\/wp\/v2\/pages"}],"about":[{"href":"https:\/\/electroaide.ca\/fr\/wp-json\/wp\/v2\/types\/page"}],"author":[{"embeddable":true,"href":"https:\/\/electroaide.ca\/fr\/wp-json\/wp\/v2\/users\/4"}],"replies":[{"embeddable":true,"href":"https:\/\/electroaide.ca\/fr\/wp-json\/wp\/v2\/comments?post=2589"}],"version-history":[{"count":1,"href":"https:\/\/electroaide.ca\/fr\/wp-json\/wp\/v2\/pages\/2589\/revisions"}],"predecessor-version":[{"id":2590,"href":"https:\/\/electroaide.ca\/fr\/wp-json\/wp\/v2\/pages\/2589\/revisions\/2590"}],"wp:attachment":[{"href":"https:\/\/electroaide.ca\/fr\/wp-json\/wp\/v2\/media?parent=2589"}],"curies":[{"name":"wp","href":"https:\/\/api.w.org\/{rel}","templated":true}]}}