{"id":1171,"date":"2024-04-10T09:45:08","date_gmt":"2024-04-10T14:45:08","guid":{"rendered":"https:\/\/electroaide.ca\/services\/"},"modified":"2025-06-25T12:38:30","modified_gmt":"2025-06-25T17:38:30","slug":"services","status":"publish","type":"page","link":"https:\/\/electroaide.ca\/fr\/services\/","title":{"rendered":"Services"},"content":{"rendered":"<p>[et_pb_section fb_built=\u00a0\u00bb1&Prime; custom_padding_last_edited=\u00a0\u00bbon|phone\u00a0\u00bb _builder_version=\u00a0\u00bb4.24.3&Prime; _module_preset=\u00a0\u00bbdefault\u00a0\u00bb use_background_color_gradient=\u00a0\u00bbon\u00a0\u00bb background_color_gradient_direction=\u00a0\u00bb61deg\u00a0\u00bb background_color_gradient_stops=\u00a0\u00bbrgba(255,255,255,0.71) 0%|rgba(41,196,169,0) 60%\u00a0\u00bb background_image=\u00a0\u00bbhttps:\/\/electroaide.ca\/wp-content\/uploads\/2024\/04\/service-page-bg.jpg\u00a0\u00bb background_blend=\u00a0\u00bboverlay\u00a0\u00bb min_height_tablet=\u00a0\u00bb90vh\u00a0\u00bb min_height_phone=\u00a0\u00bb50vh\u00a0\u00bb min_height_last_edited=\u00a0\u00bboff|desktop\u00a0\u00bb custom_padding=\u00a0\u00bb100px||100px||true|false\u00a0\u00bb custom_padding_tablet=\u00a0\u00bb0px||||false|false\u00a0\u00bb custom_padding_phone=\u00a0\u00bb0px||50px||false|false\u00a0\u00bb background_color_tablet=\u00a0\u00bb#f3f3f3&Prime; background_color_phone=\u00a0\u00bb#f3f3f3&Prime; background_last_edited=\u00a0\u00bbon|tablet\u00a0\u00bb background_enable_color_tablet=\u00a0\u00bbon\u00a0\u00bb background_enable_color_phone=\u00a0\u00bbon\u00a0\u00bb background_enable_image_tablet=\u00a0\u00bboff\u00a0\u00bb background_enable_image_phone=\u00a0\u00bboff\u00a0\u00bb background_position_phone=\u00a0\u00bbcenter_left\u00a0\u00bb global_colors_info=\u00a0\u00bb{}\u00a0\u00bb custom_css_main_element_last_edited=\u00a0\u00bboff|desktop\u00a0\u00bb custom_css_main_element_phone=\u00a0\u00bbalign-items:center;||display:flex;||flex-direction:column;\u00a0\u00bb custom_css_main_element_tablet=\u00a0\u00bbalign-items:center;||display:flex;||flex-direction:column;\u00a0\u00bb][et_pb_row disabled_on=\u00a0\u00bboff|off|on\u00a0\u00bb _builder_version=\u00a0\u00bb4.24.3&Prime; _module_preset=\u00a0\u00bbdefault\u00a0\u00bb width=\u00a0\u00bb100%\u00a0\u00bb max_width=\u00a0\u00bb100%\u00a0\u00bb custom_padding=\u00a0\u00bb0px||||false|false\u00a0\u00bb global_colors_info=\u00a0\u00bb{}\u00a0\u00bb][et_pb_column type=\u00a0\u00bb4_4&Prime; _builder_version=\u00a0\u00bb4.24.3&Prime; _module_preset=\u00a0\u00bbdefault\u00a0\u00bb global_colors_info=\u00a0\u00bb{}\u00a0\u00bb][et_pb_image src=\u00a0\u00bbhttps:\/\/electroaide.ca\/wp-content\/uploads\/2024\/04\/ResidentialHomepageBannerSpringCSRB.jpg\u00a0\u00bb title_text=\u00a0\u00bbResidentialHomepageBannerSpringCSRB\u00a0\u00bb _builder_version=\u00a0\u00bb4.24.3&Prime; _module_preset=\u00a0\u00bbdefault\u00a0\u00bb global_colors_info=\u00a0\u00bb{}\u00a0\u00bb][\/et_pb_image][\/et_pb_column][\/et_pb_row][et_pb_row column_structure=\u00a0\u00bb1_2,1_2&Prime; _builder_version=\u00a0\u00bb4.24.3&Prime; _module_preset=\u00a0\u00bbdefault\u00a0\u00bb global_colors_info=\u00a0\u00bb{}\u00a0\u00bb][et_pb_column type=\u00a0\u00bb1_2&Prime; _builder_version=\u00a0\u00bb4.24.3&Prime; _module_preset=\u00a0\u00bbdefault\u00a0\u00bb global_colors_info=\u00a0\u00bb{}\u00a0\u00bb][et_pb_text _builder_version=\u00a0\u00bb4.24.3&Prime; _module_preset=\u00a0\u00bbdefault\u00a0\u00bb text_font=\u00a0\u00bbMavenPro-Black|||on|||||\u00a0\u00bb text_text_color=\u00a0\u00bbgcid-873188fd-a86b-4a62-bedf-ff09a34578e9&Prime; text_letter_spacing=\u00a0\u00bb5px\u00a0\u00bb header_2_font=\u00a0\u00bbMavenPro-Bold||||||||\u00a0\u00bb header_2_font_size=\u00a0\u00bb38px\u00a0\u00bb header_2_letter_spacing=\u00a0\u00bb-1px\u00a0\u00bb custom_margin=\u00a0\u00bb||10px||false|false\u00a0\u00bb global_colors_info=\u00a0\u00bb{%22gcid-873188fd-a86b-4a62-bedf-ff09a34578e9%22:%91%22text_text_color%22%93}\u00a0\u00bb]Electro aide[\/et_pb_text][et_pb_text _builder_version=\u00a0\u00bb4.24.3&Prime; _module_preset=\u00a0\u00bbdefault\u00a0\u00bb header_font=\u00a0\u00bbMavenPro-Black||||||||\u00a0\u00bb header_font_size=\u00a0\u00bb56px\u00a0\u00bb header_2_font=\u00a0\u00bbMavenPro-Bold||||||||\u00a0\u00bb header_2_font_size=\u00a0\u00bb44px\u00a0\u00bb header_2_letter_spacing=\u00a0\u00bb-1px\u00a0\u00bb custom_margin=\u00a0\u00bb||10px||false|false\u00a0\u00bb header_font_size_tablet=\u00a0\u00bb56px\u00a0\u00bb header_font_size_phone=\u00a0\u00bb36px\u00a0\u00bb header_font_size_last_edited=\u00a0\u00bbon|phone\u00a0\u00bb header_2_font_size_tablet=\u00a0\u00bb44px\u00a0\u00bb header_2_font_size_phone=\u00a0\u00bb34px\u00a0\u00bb header_2_font_size_last_edited=\u00a0\u00bbon|phone\u00a0\u00bb global_colors_info=\u00a0\u00bb{}\u00a0\u00bb]<\/p>\n<h1>Services<\/h1>\n<p>[\/et_pb_text][et_pb_text _builder_version=\u00a0\u00bb4.25.1&Prime; _module_preset=\u00a0\u00bbdefault\u00a0\u00bb text_font_size=\u00a0\u00bb19px\u00a0\u00bb text_line_height=\u00a0\u00bb1.4em\u00a0\u00bb max_width=\u00a0\u00bb580px\u00a0\u00bb text_font_size_tablet=\u00a0\u00bb20px\u00a0\u00bb text_font_size_phone=\u00a0\u00bb18px\u00a0\u00bb text_font_size_last_edited=\u00a0\u00bbon|phone\u00a0\u00bb global_colors_info=\u00a0\u00bb{}\u00a0\u00bb]<\/p>\n<p>Un contrat de service planifi\u00e9 avec Electro Aide Inc. vous fournira des inspections d&rsquo;entretien \u00e0 votre convenance. Nos professionnels form\u00e9s nettoieront, lubrifieront et ajusteront votre \u00e9quipement. Si vous avez besoin de plus d&rsquo;informations concernant le contrat de service planifi\u00e9, veuillez nous contacter.<\/p>\n<p>[\/et_pb_text][et_pb_button button_url=\u00a0\u00bb#next\u00a0\u00bb button_text=\u00a0\u00bbEn savoir plus\u00a0\u00bb module_class=\u00a0\u00bbhover-button-effect \u00a0\u00bb _builder_version=\u00a0\u00bb4.25.1&Prime; _module_preset=\u00a0\u00bbdefault\u00a0\u00bb custom_button=\u00a0\u00bbon\u00a0\u00bb button_text_color=\u00a0\u00bb#FFFFFF\u00a0\u00bb button_bg_color=\u00a0\u00bbgcid-873188fd-a86b-4a62-bedf-ff09a34578e9&Prime; button_border_width=\u00a0\u00bb0px\u00a0\u00bb button_border_radius=\u00a0\u00bb8px\u00a0\u00bb button_icon=\u00a0\u00bb&#x24;||divi||400&Prime; button_on_hover=\u00a0\u00bboff\u00a0\u00bb custom_padding=\u00a0\u00bb14px|50px|14px|30px|true|false\u00a0\u00bb locked=\u00a0\u00bboff\u00a0\u00bb global_colors_info=\u00a0\u00bb{%22gcid-873188fd-a86b-4a62-bedf-ff09a34578e9%22:%91%22button_bg_color%22%93}\u00a0\u00bb][\/et_pb_button][\/et_pb_column][et_pb_column type=\u00a0\u00bb1_2&Prime; _builder_version=\u00a0\u00bb4.24.3&Prime; _module_preset=\u00a0\u00bbdefault\u00a0\u00bb global_colors_info=\u00a0\u00bb{}\u00a0\u00bb][\/et_pb_column][\/et_pb_row][\/et_pb_section][et_pb_section fb_built=\u00a0\u00bb1&Prime; module_id=\u00a0\u00bbnext\u00a0\u00bb _builder_version=\u00a0\u00bb4.24.3&Prime; _module_preset=\u00a0\u00bbdefault\u00a0\u00bb custom_padding=\u00a0\u00bb||30px||false|false\u00a0\u00bb global_colors_info=\u00a0\u00bb{}\u00a0\u00bb][et_pb_row column_structure=\u00a0\u00bb3_5,2_5&Prime; make_equal=\u00a0\u00bbon\u00a0\u00bb _builder_version=\u00a0\u00bb4.24.3&Prime; _module_preset=\u00a0\u00bbdefault\u00a0\u00bb custom_css_main_element=\u00a0\u00bbalign-items:center;\u00a0\u00bb global_colors_info=\u00a0\u00bb{}\u00a0\u00bb][et_pb_column type=\u00a0\u00bb3_5&Prime; _builder_version=\u00a0\u00bb4.24.3&Prime; _module_preset=\u00a0\u00bbdefault\u00a0\u00bb global_colors_info=\u00a0\u00bb{}\u00a0\u00bb][et_pb_divider show_divider=\u00a0\u00bboff\u00a0\u00bb _builder_version=\u00a0\u00bb4.25.1&Prime; _module_preset=\u00a0\u00bbdefault\u00a0\u00bb background_image=\u00a0\u00bbhttps:\/\/electroaide.ca\/wp-content\/uploads\/2024\/05\/Montreal2.jpg\u00a0\u00bb min_height=\u00a0\u00bb480px\u00a0\u00bb min_height_tablet=\u00a0\u00bb480px\u00a0\u00bb min_height_phone=\u00a0\u00bb250px\u00a0\u00bb min_height_last_edited=\u00a0\u00bbon|phone\u00a0\u00bb border_radii=\u00a0\u00bbon|10px|10px|10px|10px\u00a0\u00bb global_colors_info=\u00a0\u00bb{}\u00a0\u00bb][\/et_pb_divider][\/et_pb_column][et_pb_column type=\u00a0\u00bb2_5&Prime; _builder_version=\u00a0\u00bb4.24.3&Prime; _module_preset=\u00a0\u00bbdefault\u00a0\u00bb global_colors_info=\u00a0\u00bb{}\u00a0\u00bb][et_pb_text _builder_version=\u00a0\u00bb4.24.3&Prime; _module_preset=\u00a0\u00bbdefault\u00a0\u00bb text_font=\u00a0\u00bbMavenPro-Black|||on|||||\u00a0\u00bb text_text_color=\u00a0\u00bbgcid-873188fd-a86b-4a62-bedf-ff09a34578e9&Prime; text_letter_spacing=\u00a0\u00bb5px\u00a0\u00bb header_2_font=\u00a0\u00bbMavenPro-Bold||||||||\u00a0\u00bb header_2_font_size=\u00a0\u00bb38px\u00a0\u00bb header_2_letter_spacing=\u00a0\u00bb-1px\u00a0\u00bb custom_margin=\u00a0\u00bb||10px||false|false\u00a0\u00bb locked=\u00a0\u00bboff\u00a0\u00bb global_colors_info=\u00a0\u00bb{%22gcid-873188fd-a86b-4a62-bedf-ff09a34578e9%22:%91%22text_text_color%22%93}\u00a0\u00bb]Services[\/et_pb_text][et_pb_text _builder_version=\u00a0\u00bb4.25.1&Prime; _module_preset=\u00a0\u00bbdefault\u00a0\u00bb header_2_font=\u00a0\u00bbMavenPro-Bold||||||||\u00a0\u00bb header_2_font_size=\u00a0\u00bb44px\u00a0\u00bb header_2_letter_spacing=\u00a0\u00bb-1px\u00a0\u00bb custom_margin=\u00a0\u00bb||10px||false|false\u00a0\u00bb header_2_font_size_tablet=\u00a0\u00bb54px\u00a0\u00bb header_2_font_size_phone=\u00a0\u00bb32px\u00a0\u00bb header_2_font_size_last_edited=\u00a0\u00bbon|phone\u00a0\u00bb global_colors_info=\u00a0\u00bb{}\u00a0\u00bb]<\/p>\n<h2>R\u00e9sidentiel ou commercial<\/h2>\n<p>[\/et_pb_text][et_pb_text _builder_version=\u00a0\u00bb4.25.1&Prime; _module_preset=\u00a0\u00bbdefault\u00a0\u00bb text_line_height=\u00a0\u00bb1.4em\u00a0\u00bb max_width=\u00a0\u00bb580px\u00a0\u00bb text_font_size_tablet=\u00a0\u00bb20px\u00a0\u00bb text_font_size_phone=\u00a0\u00bb18px\u00a0\u00bb text_font_size_last_edited=\u00a0\u00bboff|desktop\u00a0\u00bb global_colors_info=\u00a0\u00bb{}\u00a0\u00bb]<\/p>\n<p>Soup\u00e7onnez-vous un probl\u00e8me ? Appelez notre service client\u00e8le pour prendre rendez-vous avec l&rsquo;un de nos techniciens qualifi\u00e9s. Notre service r\u00e9sidentiel est disponible du lundi au vendredi, de 8h \u00e0 16h, avec un service t\u00e9l\u00e9phonique disponible 24 heures sur 24, et un service d&rsquo;urgence 24 heures sur 24 offert pendant les mois d&rsquo;hiver pour les situations sans chauffage. Nos techniciens sont techniquement comp\u00e9tents, amicaux et assurent l&rsquo;entretien de toutes les marques.<\/p>\n<p>[\/et_pb_text][et_pb_button button_url=\u00a0\u00bb@ET-DC@eyJkeW5hbWljIjp0cnVlLCJjb250ZW50IjoicG9zdF9saW5rX3VybF9wYWdlIiwic2V0dGluZ3MiOnsicG9zdF9pZCI6IjUyOCJ9fQ==@\u00a0\u00bb button_text=\u00a0\u00bbContactez-nous aujourd&rsquo;hui\u00a0\u00bb module_class=\u00a0\u00bbhover-button-effect \u00a0\u00bb _builder_version=\u00a0\u00bb4.25.1&Prime; _dynamic_attributes=\u00a0\u00bbbutton_url\u00a0\u00bb _module_preset=\u00a0\u00bbdefault\u00a0\u00bb custom_button=\u00a0\u00bbon\u00a0\u00bb button_text_color=\u00a0\u00bb#FFFFFF\u00a0\u00bb button_bg_color=\u00a0\u00bbgcid-873188fd-a86b-4a62-bedf-ff09a34578e9&Prime; button_border_width=\u00a0\u00bb0px\u00a0\u00bb button_border_radius=\u00a0\u00bb8px\u00a0\u00bb button_icon=\u00a0\u00bb&#x24;||divi||400&Prime; button_on_hover=\u00a0\u00bboff\u00a0\u00bb custom_padding=\u00a0\u00bb14px|50px|14px|30px|true|false\u00a0\u00bb locked=\u00a0\u00bboff\u00a0\u00bb global_colors_info=\u00a0\u00bb{%22gcid-873188fd-a86b-4a62-bedf-ff09a34578e9%22:%91%22button_bg_color%22%93}\u00a0\u00bb][\/et_pb_button][\/et_pb_column][\/et_pb_row][\/et_pb_section][et_pb_section fb_built=\u00a0\u00bb1&Prime; _builder_version=\u00a0\u00bb4.24.3&Prime; _module_preset=\u00a0\u00bbdefault\u00a0\u00bb custom_padding=\u00a0\u00bb30px||||false|false\u00a0\u00bb global_colors_info=\u00a0\u00bb{}\u00a0\u00bb][et_pb_row column_structure=\u00a0\u00bb2_5,3_5&Prime; make_equal=\u00a0\u00bbon\u00a0\u00bb _builder_version=\u00a0\u00bb4.24.3&Prime; _module_preset=\u00a0\u00bbdefault\u00a0\u00bb custom_css_main_element=\u00a0\u00bbalign-items:center;\u00a0\u00bb global_colors_info=\u00a0\u00bb{}\u00a0\u00bb][et_pb_column type=\u00a0\u00bb2_5&Prime; _builder_version=\u00a0\u00bb4.24.3&Prime; _module_preset=\u00a0\u00bbdefault\u00a0\u00bb global_colors_info=\u00a0\u00bb{}\u00a0\u00bb][et_pb_text _builder_version=\u00a0\u00bb4.24.3&Prime; _module_preset=\u00a0\u00bbdefault\u00a0\u00bb text_font=\u00a0\u00bbMavenPro-Black|||on|||||\u00a0\u00bb text_text_color=\u00a0\u00bbgcid-873188fd-a86b-4a62-bedf-ff09a34578e9&Prime; text_letter_spacing=\u00a0\u00bb5px\u00a0\u00bb header_2_font=\u00a0\u00bbMavenPro-Bold||||||||\u00a0\u00bb header_2_font_size=\u00a0\u00bb38px\u00a0\u00bb header_2_letter_spacing=\u00a0\u00bb-1px\u00a0\u00bb custom_margin=\u00a0\u00bb||10px||false|false\u00a0\u00bb locked=\u00a0\u00bboff\u00a0\u00bb global_colors_info=\u00a0\u00bb{%22gcid-873188fd-a86b-4a62-bedf-ff09a34578e9%22:%91%22text_text_color%22%93}\u00a0\u00bb]Electro Aide[\/et_pb_text][et_pb_text _builder_version=\u00a0\u00bb4.25.1&Prime; _module_preset=\u00a0\u00bbdefault\u00a0\u00bb header_2_font=\u00a0\u00bbMavenPro-Bold||||||||\u00a0\u00bb header_2_font_size=\u00a0\u00bb44px\u00a0\u00bb header_2_letter_spacing=\u00a0\u00bb-1px\u00a0\u00bb custom_margin=\u00a0\u00bb||10px||false|false\u00a0\u00bb header_2_font_size_tablet=\u00a0\u00bb54px\u00a0\u00bb header_2_font_size_phone=\u00a0\u00bb32px\u00a0\u00bb header_2_font_size_last_edited=\u00a0\u00bbon|phone\u00a0\u00bb global_colors_info=\u00a0\u00bb{}\u00a0\u00bb]<\/p>\n<h2>Services d&rsquo;entretien<\/h2>\n<p>[\/et_pb_text][et_pb_text _builder_version=\u00a0\u00bb4.25.1&Prime; _module_preset=\u00a0\u00bbdefault\u00a0\u00bb text_line_height=\u00a0\u00bb1.4em\u00a0\u00bb max_width=\u00a0\u00bb580px\u00a0\u00bb text_font_size_tablet=\u00a0\u00bb20px\u00a0\u00bb text_font_size_phone=\u00a0\u00bb18px\u00a0\u00bb text_font_size_last_edited=\u00a0\u00bboff|desktop\u00a0\u00bb global_colors_info=\u00a0\u00bb{}\u00a0\u00bb]<\/p>\n<p>Notre programme d&rsquo;entretien est con\u00e7u pour maintenir votre syst\u00e8me de confort \u00e0 domicile en parfait \u00e9tat de fonctionnement. Votre syst\u00e8me fonctionne presque 365 jours par an et n\u00e9cessite donc un entretien r\u00e9gulier. Cela augmentera la dur\u00e9e de vie de votre syst\u00e8me en rep\u00e9rant les probl\u00e8mes potentiels d\u00e8s le d\u00e9but et en minimisant les pannes et les r\u00e9parations co\u00fbteuses.<\/p>\n<p>[\/et_pb_text][et_pb_button button_url=\u00a0\u00bb@ET-DC@eyJkeW5hbWljIjp0cnVlLCJjb250ZW50IjoicG9zdF9saW5rX3VybF9wYWdlIiwic2V0dGluZ3MiOnsicG9zdF9pZCI6IjUyOCJ9fQ==@\u00a0\u00bb button_text=\u00a0\u00bbContactez-nous aujourd&rsquo;hui\u00a0\u00bb module_class=\u00a0\u00bbhover-button-effect \u00a0\u00bb _builder_version=\u00a0\u00bb4.25.1&Prime; _dynamic_attributes=\u00a0\u00bbbutton_url\u00a0\u00bb _module_preset=\u00a0\u00bbdefault\u00a0\u00bb custom_button=\u00a0\u00bbon\u00a0\u00bb button_text_color=\u00a0\u00bb#FFFFFF\u00a0\u00bb button_bg_color=\u00a0\u00bbgcid-873188fd-a86b-4a62-bedf-ff09a34578e9&Prime; button_border_width=\u00a0\u00bb0px\u00a0\u00bb button_border_radius=\u00a0\u00bb8px\u00a0\u00bb button_icon=\u00a0\u00bb&#x24;||divi||400&Prime; button_on_hover=\u00a0\u00bboff\u00a0\u00bb custom_padding=\u00a0\u00bb14px|50px|14px|30px|true|false\u00a0\u00bb locked=\u00a0\u00bboff\u00a0\u00bb global_colors_info=\u00a0\u00bb{%22gcid-873188fd-a86b-4a62-bedf-ff09a34578e9%22:%91%22button_bg_color%22%93}\u00a0\u00bb][\/et_pb_button][\/et_pb_column][et_pb_column type=\u00a0\u00bb3_5&Prime; _builder_version=\u00a0\u00bb4.24.3&Prime; _module_preset=\u00a0\u00bbdefault\u00a0\u00bb global_colors_info=\u00a0\u00bb{}\u00a0\u00bb][et_pb_divider show_divider=\u00a0\u00bboff\u00a0\u00bb _builder_version=\u00a0\u00bb4.24.3&Prime; _module_preset=\u00a0\u00bbdefault\u00a0\u00bb background_image=\u00a0\u00bbhttps:\/\/electroaide.ca\/wp-content\/uploads\/2024\/04\/S40HomepageSlider.jpg\u00a0\u00bb min_height=\u00a0\u00bb480px\u00a0\u00bb min_height_tablet=\u00a0\u00bb480px\u00a0\u00bb min_height_phone=\u00a0\u00bb250px\u00a0\u00bb min_height_last_edited=\u00a0\u00bbon|phone\u00a0\u00bb border_radii=\u00a0\u00bbon|10px|10px|10px|10px\u00a0\u00bb global_colors_info=\u00a0\u00bb{}\u00a0\u00bb][\/et_pb_divider][\/et_pb_column][\/et_pb_row][\/et_pb_section]<\/p>\n","protected":false},"excerpt":{"rendered":"<p>Electro aideServicesUn contrat de service planifi\u00e9 avec Electro Aide Inc. vous fournira des inspections d&rsquo;entretien \u00e0 votre convenance. Nos professionnels form\u00e9s nettoieront, lubrifieront et ajusteront votre \u00e9quipement. Si vous avez besoin de plus d&rsquo;informations concernant le contrat de service planifi\u00e9, veuillez nous contacter.ServicesR\u00e9sidentiel ou commercialSoup\u00e7onnez-vous un probl\u00e8me ? Appelez notre service client\u00e8le pour prendre rendez-vous [&hellip;]<\/p>\n","protected":false},"author":2,"featured_media":0,"parent":0,"menu_order":0,"comment_status":"closed","ping_status":"closed","template":"","meta":{"_et_pb_use_builder":"on","_et_pb_old_content":"<!-- wp:divi\/placeholder \/-->","_et_gb_content_width":"","footnotes":""},"class_list":["post-1171","page","type-page","status-publish","hentry"],"yoast_head":"<!-- This site is optimized with the Yoast SEO plugin v27.3 - https:\/\/yoast.com\/product\/yoast-seo-wordpress\/ -->\n<title>Services - Electro Aide<\/title>\n<meta name=\"robots\" content=\"index, follow, max-snippet:-1, max-image-preview:large, max-video-preview:-1\" \/>\n<link rel=\"canonical\" href=\"https:\/\/electroaide.ca\/fr\/services\/\" \/>\n<meta property=\"og:locale\" content=\"fr_FR\" \/>\n<meta property=\"og:type\" content=\"article\" \/>\n<meta property=\"og:title\" content=\"Services - Electro Aide\" \/>\n<meta property=\"og:description\" content=\"Electro aideServicesUn contrat de service planifi\u00e9 avec Electro Aide Inc. vous fournira des inspections d&#039;entretien \u00e0 votre convenance. Nos professionnels form\u00e9s nettoieront, lubrifieront et ajusteront votre \u00e9quipement. Si vous avez besoin de plus d&#039;informations concernant le contrat de service planifi\u00e9, veuillez nous contacter.ServicesR\u00e9sidentiel ou commercialSoup\u00e7onnez-vous un probl\u00e8me ? Appelez notre service client\u00e8le pour prendre rendez-vous [&hellip;]\" \/>\n<meta property=\"og:url\" content=\"https:\/\/electroaide.ca\/fr\/services\/\" \/>\n<meta property=\"og:site_name\" content=\"Electro Aide\" \/>\n<meta property=\"article:publisher\" content=\"https:\/\/www.facebook.com\/electroaideinc\/\" \/>\n<meta property=\"article:modified_time\" content=\"2025-06-25T17:38:30+00:00\" \/>\n<meta name=\"twitter:card\" content=\"summary_large_image\" \/>\n<meta name=\"twitter:label1\" content=\"Dur\u00e9e de lecture estim\u00e9e\" \/>\n\t<meta name=\"twitter:data1\" content=\"2 minutes\" \/>\n<script type=\"application\/ld+json\" class=\"yoast-schema-graph\">{\"@context\":\"https:\\\/\\\/schema.org\",\"@graph\":[{\"@type\":\"WebPage\",\"@id\":\"https:\\\/\\\/electroaide.ca\\\/fr\\\/services\\\/\",\"url\":\"https:\\\/\\\/electroaide.ca\\\/fr\\\/services\\\/\",\"name\":\"Services - Electro Aide\",\"isPartOf\":{\"@id\":\"https:\\\/\\\/electroaide.ca\\\/#website\"},\"datePublished\":\"2024-04-10T14:45:08+00:00\",\"dateModified\":\"2025-06-25T17:38:30+00:00\",\"breadcrumb\":{\"@id\":\"https:\\\/\\\/electroaide.ca\\\/fr\\\/services\\\/#breadcrumb\"},\"inLanguage\":\"fr-FR\",\"potentialAction\":[{\"@type\":\"ReadAction\",\"target\":[\"https:\\\/\\\/electroaide.ca\\\/fr\\\/services\\\/\"]}]},{\"@type\":\"BreadcrumbList\",\"@id\":\"https:\\\/\\\/electroaide.ca\\\/fr\\\/services\\\/#breadcrumb\",\"itemListElement\":[{\"@type\":\"ListItem\",\"position\":1,\"name\":\"Home\",\"item\":\"https:\\\/\\\/electroaide.ca\\\/fr\\\/\"},{\"@type\":\"ListItem\",\"position\":2,\"name\":\"Services\"}]},{\"@type\":\"WebSite\",\"@id\":\"https:\\\/\\\/electroaide.ca\\\/#website\",\"url\":\"https:\\\/\\\/electroaide.ca\\\/\",\"name\":\"Electro Aide\",\"description\":\"Established 1949\",\"publisher\":{\"@id\":\"https:\\\/\\\/electroaide.ca\\\/#organization\"},\"potentialAction\":[{\"@type\":\"SearchAction\",\"target\":{\"@type\":\"EntryPoint\",\"urlTemplate\":\"https:\\\/\\\/electroaide.ca\\\/?s={search_term_string}\"},\"query-input\":{\"@type\":\"PropertyValueSpecification\",\"valueRequired\":true,\"valueName\":\"search_term_string\"}}],\"inLanguage\":\"fr-FR\"},{\"@type\":\"Organization\",\"@id\":\"https:\\\/\\\/electroaide.ca\\\/#organization\",\"name\":\"Electro Aide\",\"url\":\"https:\\\/\\\/electroaide.ca\\\/\",\"logo\":{\"@type\":\"ImageObject\",\"inLanguage\":\"fr-FR\",\"@id\":\"https:\\\/\\\/electroaide.ca\\\/#\\\/schema\\\/logo\\\/image\\\/\",\"url\":\"https:\\\/\\\/electroaide.ca\\\/wp-content\\\/uploads\\\/2024\\\/05\\\/electro-aide_final-01.png\",\"contentUrl\":\"https:\\\/\\\/electroaide.ca\\\/wp-content\\\/uploads\\\/2024\\\/05\\\/electro-aide_final-01.png\",\"width\":6526,\"height\":1947,\"caption\":\"Electro Aide\"},\"image\":{\"@id\":\"https:\\\/\\\/electroaide.ca\\\/#\\\/schema\\\/logo\\\/image\\\/\"},\"sameAs\":[\"https:\\\/\\\/www.facebook.com\\\/electroaideinc\\\/\",\"https:\\\/\\\/www.instagram.com\\\/electroaideinc\"]}]}<\/script>\n<!-- \/ Yoast SEO plugin. -->","yoast_head_json":{"title":"Services - Electro Aide","robots":{"index":"index","follow":"follow","max-snippet":"max-snippet:-1","max-image-preview":"max-image-preview:large","max-video-preview":"max-video-preview:-1"},"canonical":"https:\/\/electroaide.ca\/fr\/services\/","og_locale":"fr_FR","og_type":"article","og_title":"Services - Electro Aide","og_description":"Electro aideServicesUn contrat de service planifi\u00e9 avec Electro Aide Inc. vous fournira des inspections d'entretien \u00e0 votre convenance. Nos professionnels form\u00e9s nettoieront, lubrifieront et ajusteront votre \u00e9quipement. Si vous avez besoin de plus d'informations concernant le contrat de service planifi\u00e9, veuillez nous contacter.ServicesR\u00e9sidentiel ou commercialSoup\u00e7onnez-vous un probl\u00e8me ? Appelez notre service client\u00e8le pour prendre rendez-vous [&hellip;]","og_url":"https:\/\/electroaide.ca\/fr\/services\/","og_site_name":"Electro Aide","article_publisher":"https:\/\/www.facebook.com\/electroaideinc\/","article_modified_time":"2025-06-25T17:38:30+00:00","twitter_card":"summary_large_image","twitter_misc":{"Dur\u00e9e de lecture estim\u00e9e":"2 minutes"},"schema":{"@context":"https:\/\/schema.org","@graph":[{"@type":"WebPage","@id":"https:\/\/electroaide.ca\/fr\/services\/","url":"https:\/\/electroaide.ca\/fr\/services\/","name":"Services - Electro Aide","isPartOf":{"@id":"https:\/\/electroaide.ca\/#website"},"datePublished":"2024-04-10T14:45:08+00:00","dateModified":"2025-06-25T17:38:30+00:00","breadcrumb":{"@id":"https:\/\/electroaide.ca\/fr\/services\/#breadcrumb"},"inLanguage":"fr-FR","potentialAction":[{"@type":"ReadAction","target":["https:\/\/electroaide.ca\/fr\/services\/"]}]},{"@type":"BreadcrumbList","@id":"https:\/\/electroaide.ca\/fr\/services\/#breadcrumb","itemListElement":[{"@type":"ListItem","position":1,"name":"Home","item":"https:\/\/electroaide.ca\/fr\/"},{"@type":"ListItem","position":2,"name":"Services"}]},{"@type":"WebSite","@id":"https:\/\/electroaide.ca\/#website","url":"https:\/\/electroaide.ca\/","name":"Electro Aide","description":"Established 1949","publisher":{"@id":"https:\/\/electroaide.ca\/#organization"},"potentialAction":[{"@type":"SearchAction","target":{"@type":"EntryPoint","urlTemplate":"https:\/\/electroaide.ca\/?s={search_term_string}"},"query-input":{"@type":"PropertyValueSpecification","valueRequired":true,"valueName":"search_term_string"}}],"inLanguage":"fr-FR"},{"@type":"Organization","@id":"https:\/\/electroaide.ca\/#organization","name":"Electro Aide","url":"https:\/\/electroaide.ca\/","logo":{"@type":"ImageObject","inLanguage":"fr-FR","@id":"https:\/\/electroaide.ca\/#\/schema\/logo\/image\/","url":"https:\/\/electroaide.ca\/wp-content\/uploads\/2024\/05\/electro-aide_final-01.png","contentUrl":"https:\/\/electroaide.ca\/wp-content\/uploads\/2024\/05\/electro-aide_final-01.png","width":6526,"height":1947,"caption":"Electro Aide"},"image":{"@id":"https:\/\/electroaide.ca\/#\/schema\/logo\/image\/"},"sameAs":["https:\/\/www.facebook.com\/electroaideinc\/","https:\/\/www.instagram.com\/electroaideinc"]}]}},"_links":{"self":[{"href":"https:\/\/electroaide.ca\/fr\/wp-json\/wp\/v2\/pages\/1171","targetHints":{"allow":["GET"]}}],"collection":[{"href":"https:\/\/electroaide.ca\/fr\/wp-json\/wp\/v2\/pages"}],"about":[{"href":"https:\/\/electroaide.ca\/fr\/wp-json\/wp\/v2\/types\/page"}],"author":[{"embeddable":true,"href":"https:\/\/electroaide.ca\/fr\/wp-json\/wp\/v2\/users\/2"}],"replies":[{"embeddable":true,"href":"https:\/\/electroaide.ca\/fr\/wp-json\/wp\/v2\/comments?post=1171"}],"version-history":[{"count":2,"href":"https:\/\/electroaide.ca\/fr\/wp-json\/wp\/v2\/pages\/1171\/revisions"}],"predecessor-version":[{"id":2421,"href":"https:\/\/electroaide.ca\/fr\/wp-json\/wp\/v2\/pages\/1171\/revisions\/2421"}],"wp:attachment":[{"href":"https:\/\/electroaide.ca\/fr\/wp-json\/wp\/v2\/media?parent=1171"}],"curies":[{"name":"wp","href":"https:\/\/api.w.org\/{rel}","templated":true}]}}