{"id":1130,"date":"2024-04-19T08:08:01","date_gmt":"2024-04-19T08:08:01","guid":{"rendered":"https:\/\/electroaide.ca\/commercial-equipment\/"},"modified":"2024-05-16T18:34:01","modified_gmt":"2024-05-16T18:34:01","slug":"equipement-commercial","status":"publish","type":"page","link":"https:\/\/electroaide.ca\/fr\/equipement-commercial\/","title":{"rendered":"\u00c9quipement commercial"},"content":{"rendered":"<p>[et_pb_section fb_built=\u00a0\u00bb1&Prime; custom_padding_last_edited=\u00a0\u00bbon|phone\u00a0\u00bb _builder_version=\u00a0\u00bb4.24.3&Prime; _module_preset=\u00a0\u00bbdefault\u00a0\u00bb background_image=\u00a0\u00bbhttps:\/\/electroaide.ca\/wp-content\/uploads\/2024\/04\/Commercial-background.jpg\u00a0\u00bb min_height_tablet=\u00a0\u00bb90vh\u00a0\u00bb min_height_phone=\u00a0\u00bb50vh\u00a0\u00bb min_height_last_edited=\u00a0\u00bboff|desktop\u00a0\u00bb custom_padding=\u00a0\u00bb||||true|false\u00a0\u00bb custom_padding_tablet=\u00a0\u00bb0px||||false|false\u00a0\u00bb custom_padding_phone=\u00a0\u00bb0px||50px||false|false\u00a0\u00bb background_color_tablet=\u00a0\u00bb#f3f3f3&Prime; background_color_phone=\u00a0\u00bb#f3f3f3&Prime; background_last_edited=\u00a0\u00bbon|phone\u00a0\u00bb background_enable_color_tablet=\u00a0\u00bbon\u00a0\u00bb background_enable_color_phone=\u00a0\u00bbon\u00a0\u00bb background_image_phone=\u00a0\u00bbhttps:\/\/electroaide.ca\/wp-content\/uploads\/2024\/04\/background.jpg\u00a0\u00bb background_enable_image_tablet=\u00a0\u00bboff\u00a0\u00bb background_enable_image_phone=\u00a0\u00bbon\u00a0\u00bb background_position_phone=\u00a0\u00bbcenter\u00a0\u00bb global_colors_info=\u00a0\u00bb{}\u00a0\u00bb custom_css_main_element_last_edited=\u00a0\u00bboff|desktop\u00a0\u00bb custom_css_main_element_phone=\u00a0\u00bbalign-items:center;||display:flex;||flex-direction:column;\u00a0\u00bb custom_css_main_element_tablet=\u00a0\u00bbalign-items:center;||display:flex;||flex-direction:column;\u00a0\u00bb][et_pb_row disabled_on=\u00a0\u00bboff|off|on\u00a0\u00bb _builder_version=\u00a0\u00bb4.24.3&Prime; _module_preset=\u00a0\u00bbdefault\u00a0\u00bb width=\u00a0\u00bb100%\u00a0\u00bb max_width=\u00a0\u00bb100%\u00a0\u00bb custom_padding=\u00a0\u00bb0px||||false|false\u00a0\u00bb global_colors_info=\u00a0\u00bb{}\u00a0\u00bb][et_pb_column type=\u00a0\u00bb4_4&Prime; _builder_version=\u00a0\u00bb4.24.3&Prime; _module_preset=\u00a0\u00bbdefault\u00a0\u00bb global_colors_info=\u00a0\u00bb{}\u00a0\u00bb][et_pb_image src=\u00a0\u00bbhttps:\/\/electroaide.ca\/wp-content\/uploads\/2024\/04\/mobo-Commercial-background.jpg\u00a0\u00bb title_text=\u00a0\u00bbmobo-Commercial-background\u00a0\u00bb _builder_version=\u00a0\u00bb4.24.3&Prime; _module_preset=\u00a0\u00bbdefault\u00a0\u00bb global_colors_info=\u00a0\u00bb{}\u00a0\u00bb][\/et_pb_image][\/et_pb_column][\/et_pb_row][et_pb_row column_structure=\u00a0\u00bb1_2,1_2&Prime; _builder_version=\u00a0\u00bb4.24.3&Prime; _module_preset=\u00a0\u00bbdefault\u00a0\u00bb global_colors_info=\u00a0\u00bb{}\u00a0\u00bb][et_pb_column type=\u00a0\u00bb1_2&Prime; _builder_version=\u00a0\u00bb4.24.3&Prime; _module_preset=\u00a0\u00bbdefault\u00a0\u00bb global_colors_info=\u00a0\u00bb{}\u00a0\u00bb][et_pb_text _builder_version=\u00a0\u00bb4.24.3&Prime; _module_preset=\u00a0\u00bbdefault\u00a0\u00bb text_font=\u00a0\u00bbMavenPro-Black|||on|||||\u00a0\u00bb text_text_color=\u00a0\u00bbgcid-873188fd-a86b-4a62-bedf-ff09a34578e9&Prime; text_letter_spacing=\u00a0\u00bb5px\u00a0\u00bb header_2_font=\u00a0\u00bbMavenPro-Bold||||||||\u00a0\u00bb header_2_font_size=\u00a0\u00bb38px\u00a0\u00bb header_2_letter_spacing=\u00a0\u00bb-1px\u00a0\u00bb custom_margin=\u00a0\u00bb||10px||false|false\u00a0\u00bb global_colors_info=\u00a0\u00bb{%22gcid-873188fd-a86b-4a62-bedf-ff09a34578e9%22:%91%22text_text_color%22%93}\u00a0\u00bb]Electro aide[\/et_pb_text][et_pb_text _builder_version=\u00a0\u00bb4.25.1&Prime; _module_preset=\u00a0\u00bbdefault\u00a0\u00bb header_font=\u00a0\u00bbMavenPro-Black||||||||\u00a0\u00bb header_font_size=\u00a0\u00bb56px\u00a0\u00bb header_2_font=\u00a0\u00bbMavenPro-Bold||||||||\u00a0\u00bb header_2_font_size=\u00a0\u00bb44px\u00a0\u00bb header_2_letter_spacing=\u00a0\u00bb-1px\u00a0\u00bb custom_margin=\u00a0\u00bb||10px||false|false\u00a0\u00bb hover_enabled=\u00a0\u00bb0&Prime; header_font_size_tablet=\u00a0\u00bb56px\u00a0\u00bb header_font_size_phone=\u00a0\u00bb36px\u00a0\u00bb header_font_size_last_edited=\u00a0\u00bbon|phone\u00a0\u00bb header_letter_spacing_tablet=\u00a0\u00bb\u00a0\u00bb header_letter_spacing_phone=\u00a0\u00bb-1px\u00a0\u00bb header_letter_spacing_last_edited=\u00a0\u00bbon|phone\u00a0\u00bb header_2_font_size_tablet=\u00a0\u00bb44px\u00a0\u00bb header_2_font_size_phone=\u00a0\u00bb34px\u00a0\u00bb header_2_font_size_last_edited=\u00a0\u00bbon|phone\u00a0\u00bb global_colors_info=\u00a0\u00bb{}\u00a0\u00bb sticky_enabled=\u00a0\u00bb0&Prime;]<\/p>\n<h1>\u00c9quipement commercial<\/h1>\n<p>[\/et_pb_text][et_pb_text _builder_version=\u00a0\u00bb4.25.1&Prime; _module_preset=\u00a0\u00bbdefault\u00a0\u00bb text_font_size=\u00a0\u00bb19px\u00a0\u00bb text_line_height=\u00a0\u00bb1.4em\u00a0\u00bb max_width=\u00a0\u00bb580px\u00a0\u00bb hover_enabled=\u00a0\u00bb0&Prime; text_font_size_tablet=\u00a0\u00bb20px\u00a0\u00bb text_font_size_phone=\u00a0\u00bb18px\u00a0\u00bb text_font_size_last_edited=\u00a0\u00bbon|phone\u00a0\u00bb global_colors_info=\u00a0\u00bb{}\u00a0\u00bb sticky_enabled=\u00a0\u00bb0&Prime;]<\/p>\n<p>Notre ing\u00e9nieur interne peut fournir des plans personnalis\u00e9s pour les besoins de votre b\u00e2timent commercial. Avec Electro Aide, vous ne traitez qu&rsquo;avec une seule entreprise, sans sous-traitance ; nous avons m\u00eame notre propre atelier de t\u00f4lerie interne. Notre d\u00e9partement d&rsquo;installations de confiance et professionnel assure que le travail est r\u00e9alis\u00e9 de bout en bout dans les d\u00e9lais et le budget impartis, tout en maintenant une installation et un service de qualit\u00e9 pour nos clients pr\u00e9cieux.<\/p>\n<p>[\/et_pb_text][et_pb_button button_url=\u00a0\u00bb@ET-DC@eyJkeW5hbWljIjp0cnVlLCJjb250ZW50IjoicG9zdF9saW5rX3VybF9wYWdlIiwic2V0dGluZ3MiOnsicG9zdF9pZCI6IjI3In19@\u00a0\u00bb button_text=\u00a0\u00bbContact\u00a0\u00bb module_class=\u00a0\u00bbhover-button-effect \u00a0\u00bb _builder_version=\u00a0\u00bb4.25.1&Prime; _dynamic_attributes=\u00a0\u00bbbutton_url\u00a0\u00bb _module_preset=\u00a0\u00bbdefault\u00a0\u00bb custom_button=\u00a0\u00bbon\u00a0\u00bb button_text_color=\u00a0\u00bb#FFFFFF\u00a0\u00bb button_bg_color=\u00a0\u00bbgcid-873188fd-a86b-4a62-bedf-ff09a34578e9&Prime; button_border_width=\u00a0\u00bb0px\u00a0\u00bb button_border_radius=\u00a0\u00bb8px\u00a0\u00bb button_icon=\u00a0\u00bb&#x24;||divi||400&Prime; button_on_hover=\u00a0\u00bboff\u00a0\u00bb custom_padding=\u00a0\u00bb14px|50px|14px|30px|true|false\u00a0\u00bb hover_enabled=\u00a0\u00bb0&Prime; locked=\u00a0\u00bboff\u00a0\u00bb global_colors_info=\u00a0\u00bb{%22gcid-873188fd-a86b-4a62-bedf-ff09a34578e9%22:%91%22button_bg_color%22%93}\u00a0\u00bb sticky_enabled=\u00a0\u00bb0&Prime;][\/et_pb_button][\/et_pb_column][et_pb_column type=\u00a0\u00bb1_2&Prime; _builder_version=\u00a0\u00bb4.24.3&Prime; _module_preset=\u00a0\u00bbdefault\u00a0\u00bb global_colors_info=\u00a0\u00bb{}\u00a0\u00bb][\/et_pb_column][\/et_pb_row][\/et_pb_section]<\/p>\n","protected":false},"excerpt":{"rendered":"<p>Electro aide\u00c9quipement commercialNotre ing\u00e9nieur interne peut fournir des plans personnalis\u00e9s pour les besoins de votre b\u00e2timent commercial. Avec Electro Aide, vous ne traitez qu&rsquo;avec une seule entreprise, sans sous-traitance ; nous avons m\u00eame notre propre atelier de t\u00f4lerie interne. Notre d\u00e9partement d&rsquo;installations de confiance et professionnel assure que le travail est r\u00e9alis\u00e9 de bout en [&hellip;]<\/p>\n","protected":false},"author":2,"featured_media":0,"parent":0,"menu_order":0,"comment_status":"closed","ping_status":"closed","template":"","meta":{"_et_pb_use_builder":"on","_et_pb_old_content":"","_et_gb_content_width":"","footnotes":""},"class_list":["post-1130","page","type-page","status-publish","hentry"],"yoast_head":"<!-- This site is optimized with the Yoast SEO plugin v27.3 - https:\/\/yoast.com\/product\/yoast-seo-wordpress\/ -->\n<title>\u00c9quipement commercial - Electro Aide<\/title>\n<meta name=\"robots\" content=\"index, follow, max-snippet:-1, max-image-preview:large, max-video-preview:-1\" \/>\n<link rel=\"canonical\" href=\"https:\/\/electroaide.ca\/fr\/equipement-commercial\/\" \/>\n<meta property=\"og:locale\" content=\"fr_FR\" \/>\n<meta property=\"og:type\" content=\"article\" \/>\n<meta property=\"og:title\" content=\"\u00c9quipement commercial - Electro Aide\" \/>\n<meta property=\"og:description\" content=\"Electro aide\u00c9quipement commercialNotre ing\u00e9nieur interne peut fournir des plans personnalis\u00e9s pour les besoins de votre b\u00e2timent commercial. Avec Electro Aide, vous ne traitez qu&#039;avec une seule entreprise, sans sous-traitance ; nous avons m\u00eame notre propre atelier de t\u00f4lerie interne. Notre d\u00e9partement d&#039;installations de confiance et professionnel assure que le travail est r\u00e9alis\u00e9 de bout en [&hellip;]\" \/>\n<meta property=\"og:url\" content=\"https:\/\/electroaide.ca\/fr\/equipement-commercial\/\" \/>\n<meta property=\"og:site_name\" content=\"Electro Aide\" \/>\n<meta property=\"article:publisher\" content=\"https:\/\/www.facebook.com\/electroaideinc\/\" \/>\n<meta property=\"article:modified_time\" content=\"2024-05-16T18:34:01+00:00\" \/>\n<meta name=\"twitter:card\" content=\"summary_large_image\" \/>\n<meta name=\"twitter:label1\" content=\"Dur\u00e9e de lecture estim\u00e9e\" \/>\n\t<meta name=\"twitter:data1\" content=\"1 minute\" \/>\n<script type=\"application\/ld+json\" class=\"yoast-schema-graph\">{\"@context\":\"https:\\\/\\\/schema.org\",\"@graph\":[{\"@type\":\"WebPage\",\"@id\":\"https:\\\/\\\/electroaide.ca\\\/fr\\\/equipement-commercial\\\/\",\"url\":\"https:\\\/\\\/electroaide.ca\\\/fr\\\/equipement-commercial\\\/\",\"name\":\"\u00c9quipement commercial - Electro Aide\",\"isPartOf\":{\"@id\":\"https:\\\/\\\/electroaide.ca\\\/#website\"},\"datePublished\":\"2024-04-19T08:08:01+00:00\",\"dateModified\":\"2024-05-16T18:34:01+00:00\",\"breadcrumb\":{\"@id\":\"https:\\\/\\\/electroaide.ca\\\/fr\\\/equipement-commercial\\\/#breadcrumb\"},\"inLanguage\":\"fr-FR\",\"potentialAction\":[{\"@type\":\"ReadAction\",\"target\":[\"https:\\\/\\\/electroaide.ca\\\/fr\\\/equipement-commercial\\\/\"]}]},{\"@type\":\"BreadcrumbList\",\"@id\":\"https:\\\/\\\/electroaide.ca\\\/fr\\\/equipement-commercial\\\/#breadcrumb\",\"itemListElement\":[{\"@type\":\"ListItem\",\"position\":1,\"name\":\"Home\",\"item\":\"https:\\\/\\\/electroaide.ca\\\/fr\\\/\"},{\"@type\":\"ListItem\",\"position\":2,\"name\":\"\u00c9quipement commercial\"}]},{\"@type\":\"WebSite\",\"@id\":\"https:\\\/\\\/electroaide.ca\\\/#website\",\"url\":\"https:\\\/\\\/electroaide.ca\\\/\",\"name\":\"Electro Aide\",\"description\":\"Established 1949\",\"publisher\":{\"@id\":\"https:\\\/\\\/electroaide.ca\\\/#organization\"},\"potentialAction\":[{\"@type\":\"SearchAction\",\"target\":{\"@type\":\"EntryPoint\",\"urlTemplate\":\"https:\\\/\\\/electroaide.ca\\\/?s={search_term_string}\"},\"query-input\":{\"@type\":\"PropertyValueSpecification\",\"valueRequired\":true,\"valueName\":\"search_term_string\"}}],\"inLanguage\":\"fr-FR\"},{\"@type\":\"Organization\",\"@id\":\"https:\\\/\\\/electroaide.ca\\\/#organization\",\"name\":\"Electro Aide\",\"url\":\"https:\\\/\\\/electroaide.ca\\\/\",\"logo\":{\"@type\":\"ImageObject\",\"inLanguage\":\"fr-FR\",\"@id\":\"https:\\\/\\\/electroaide.ca\\\/#\\\/schema\\\/logo\\\/image\\\/\",\"url\":\"https:\\\/\\\/electroaide.ca\\\/wp-content\\\/uploads\\\/2024\\\/05\\\/electro-aide_final-01.png\",\"contentUrl\":\"https:\\\/\\\/electroaide.ca\\\/wp-content\\\/uploads\\\/2024\\\/05\\\/electro-aide_final-01.png\",\"width\":6526,\"height\":1947,\"caption\":\"Electro Aide\"},\"image\":{\"@id\":\"https:\\\/\\\/electroaide.ca\\\/#\\\/schema\\\/logo\\\/image\\\/\"},\"sameAs\":[\"https:\\\/\\\/www.facebook.com\\\/electroaideinc\\\/\",\"https:\\\/\\\/www.instagram.com\\\/electroaideinc\"]}]}<\/script>\n<!-- \/ Yoast SEO plugin. -->","yoast_head_json":{"title":"\u00c9quipement commercial - Electro Aide","robots":{"index":"index","follow":"follow","max-snippet":"max-snippet:-1","max-image-preview":"max-image-preview:large","max-video-preview":"max-video-preview:-1"},"canonical":"https:\/\/electroaide.ca\/fr\/equipement-commercial\/","og_locale":"fr_FR","og_type":"article","og_title":"\u00c9quipement commercial - Electro Aide","og_description":"Electro aide\u00c9quipement commercialNotre ing\u00e9nieur interne peut fournir des plans personnalis\u00e9s pour les besoins de votre b\u00e2timent commercial. Avec Electro Aide, vous ne traitez qu'avec une seule entreprise, sans sous-traitance ; nous avons m\u00eame notre propre atelier de t\u00f4lerie interne. Notre d\u00e9partement d'installations de confiance et professionnel assure que le travail est r\u00e9alis\u00e9 de bout en [&hellip;]","og_url":"https:\/\/electroaide.ca\/fr\/equipement-commercial\/","og_site_name":"Electro Aide","article_publisher":"https:\/\/www.facebook.com\/electroaideinc\/","article_modified_time":"2024-05-16T18:34:01+00:00","twitter_card":"summary_large_image","twitter_misc":{"Dur\u00e9e de lecture estim\u00e9e":"1 minute"},"schema":{"@context":"https:\/\/schema.org","@graph":[{"@type":"WebPage","@id":"https:\/\/electroaide.ca\/fr\/equipement-commercial\/","url":"https:\/\/electroaide.ca\/fr\/equipement-commercial\/","name":"\u00c9quipement commercial - Electro Aide","isPartOf":{"@id":"https:\/\/electroaide.ca\/#website"},"datePublished":"2024-04-19T08:08:01+00:00","dateModified":"2024-05-16T18:34:01+00:00","breadcrumb":{"@id":"https:\/\/electroaide.ca\/fr\/equipement-commercial\/#breadcrumb"},"inLanguage":"fr-FR","potentialAction":[{"@type":"ReadAction","target":["https:\/\/electroaide.ca\/fr\/equipement-commercial\/"]}]},{"@type":"BreadcrumbList","@id":"https:\/\/electroaide.ca\/fr\/equipement-commercial\/#breadcrumb","itemListElement":[{"@type":"ListItem","position":1,"name":"Home","item":"https:\/\/electroaide.ca\/fr\/"},{"@type":"ListItem","position":2,"name":"\u00c9quipement commercial"}]},{"@type":"WebSite","@id":"https:\/\/electroaide.ca\/#website","url":"https:\/\/electroaide.ca\/","name":"Electro Aide","description":"Established 1949","publisher":{"@id":"https:\/\/electroaide.ca\/#organization"},"potentialAction":[{"@type":"SearchAction","target":{"@type":"EntryPoint","urlTemplate":"https:\/\/electroaide.ca\/?s={search_term_string}"},"query-input":{"@type":"PropertyValueSpecification","valueRequired":true,"valueName":"search_term_string"}}],"inLanguage":"fr-FR"},{"@type":"Organization","@id":"https:\/\/electroaide.ca\/#organization","name":"Electro Aide","url":"https:\/\/electroaide.ca\/","logo":{"@type":"ImageObject","inLanguage":"fr-FR","@id":"https:\/\/electroaide.ca\/#\/schema\/logo\/image\/","url":"https:\/\/electroaide.ca\/wp-content\/uploads\/2024\/05\/electro-aide_final-01.png","contentUrl":"https:\/\/electroaide.ca\/wp-content\/uploads\/2024\/05\/electro-aide_final-01.png","width":6526,"height":1947,"caption":"Electro Aide"},"image":{"@id":"https:\/\/electroaide.ca\/#\/schema\/logo\/image\/"},"sameAs":["https:\/\/www.facebook.com\/electroaideinc\/","https:\/\/www.instagram.com\/electroaideinc"]}]}},"_links":{"self":[{"href":"https:\/\/electroaide.ca\/fr\/wp-json\/wp\/v2\/pages\/1130","targetHints":{"allow":["GET"]}}],"collection":[{"href":"https:\/\/electroaide.ca\/fr\/wp-json\/wp\/v2\/pages"}],"about":[{"href":"https:\/\/electroaide.ca\/fr\/wp-json\/wp\/v2\/types\/page"}],"author":[{"embeddable":true,"href":"https:\/\/electroaide.ca\/fr\/wp-json\/wp\/v2\/users\/2"}],"replies":[{"embeddable":true,"href":"https:\/\/electroaide.ca\/fr\/wp-json\/wp\/v2\/comments?post=1130"}],"version-history":[{"count":2,"href":"https:\/\/electroaide.ca\/fr\/wp-json\/wp\/v2\/pages\/1130\/revisions"}],"predecessor-version":[{"id":1271,"href":"https:\/\/electroaide.ca\/fr\/wp-json\/wp\/v2\/pages\/1130\/revisions\/1271"}],"wp:attachment":[{"href":"https:\/\/electroaide.ca\/fr\/wp-json\/wp\/v2\/media?parent=1130"}],"curies":[{"name":"wp","href":"https:\/\/api.w.org\/{rel}","templated":true}]}}